{"id":2944,"date":"2024-06-03T20:14:01","date_gmt":"2024-06-03T19:14:01","guid":{"rendered":"https:\/\/moja-pisarna.si\/login\/"},"modified":"2024-07-25T18:42:22","modified_gmt":"2024-07-25T17:42:22","slug":"login","status":"publish","type":"page","link":"https:\/\/moja-pisarna.si\/hr\/login\/","title":{"rendered":"Login"},"content":{"rendered":"<div class=\"fusion-fullwidth fullwidth-box fusion-builder-row-1 fusion-flex-container nonhundred-percent-fullwidth non-hundred-percent-height-scrolling\" style=\"--awb-border-radius-top-left:0px;--awb-border-radius-top-right:0px;--awb-border-radius-bottom-right:0px;--awb-border-radius-bottom-left:0px;--awb-flex-wrap:wrap;\" ><div class=\"fusion-builder-row fusion-row fusion-flex-align-items-center fusion-flex-justify-content-center fusion-flex-content-wrap\" style=\"max-width:calc( 1260px + 30px );margin-left: calc(-30px \/ 2 );margin-right: calc(-30px \/ 2 );\"><div class=\"fusion-layout-column fusion_builder_column fusion-builder-column-0 fusion_builder_column_1_1 1_1 fusion-flex-column fusion-flex-align-self-flex-start\" style=\"--awb-bg-blend:overlay;--awb-bg-size:cover;--awb-width-large:100%;--awb-margin-top-large:0px;--awb-spacing-right-large:15px;--awb-margin-bottom-large:;--awb-spacing-left-large:15px;--awb-width-medium:100%;--awb-spacing-right-medium:15px;--awb-spacing-left-medium:15px;--awb-width-small:100%;--awb-spacing-right-small:15px;--awb-spacing-left-small:15px;\"><div class=\"fusion-column-wrapper fusion-flex-justify-content-center fusion-content-layout-column\"><div class=\"fusion-title title fusion-title-1 fusion-sep-none fusion-title-center fusion-title-text fusion-title-size-one\" style=\"--awb-margin-bottom:30px;\"><h1 class=\"fusion-title-heading title-heading-center fusion-responsive-typography-calculated\" style=\"margin:0;--fontSize:60;line-height:var(--awb-typography1-line-height);\"><p style=\"text-align: center;\">Prijava u Moj ured<\/p><\/h1><\/div><div class=\"fusion-text fusion-text-1\" style=\"--awb-margin-right:15%;--awb-margin-left:15%;\"><p style=\"text-align: center;\">Za prijavu u Moj ured najprije je potrebno unijeti podatke koje smo vam poslali putem <span class=\"fusion-tooltip tooltip-shortcode\" data-animation=\"\" data-delay=\"0\" data-placement=\"top\" data-title=\"Korisni\u010dko ime i lozinka\" title=\"Korisni\u010dko ime i lozinka\" data-toggle=\"tooltip\" data-trigger=\"hover\">e-po\u0161te<\/span>. Ako jo\u0161 nemate ra\u010dun, a \u017eelite se registrirati, posjetite: <a href=\"\/hr\/#contact\">kontakt<\/a> i ispunite obrazac, a mi \u0107emo vam poslati potrebne podatke za registraciju.<\/p>\n<\/div><div class=\"fusion-text fusion-text-2\">\n<div class=\"um um-login um-2444\">\n\t<div class=\"um-form\">\n\t\t<form method=\"post\" action=\"\" autocomplete=\"off\">\n\t\t\t<div class=\"um-row _um_row_1 \" style=\"margin: 0 0 30px 0;\"><div class=\"um-col-1\"><div  id=\"um_field_2444_username\" class=\"um-field um-field-text  um-field-username um-field-text um-field-type_text\" data-key=\"username\"><div class=\"um-field-label\"><label for=\"username-2444\">Username or Email<\/label><div class=\"um-clear\"><\/div><\/div><div class=\"um-field-area\"><input  autocomplete=\"off\" class=\"um-form-field valid \" type=\"text\" name=\"username-2444\" id=\"username-2444\" value=\"\" placeholder=\"\" data-validate=\"unique_username_or_email\" data-key=\"username\"  aria-invalid=\"false\" \/>\n\n\t\t\t\t\t\t<\/div><\/div><div  id=\"um_field_2444_user_password\" class=\"um-field um-field-password  um-field-user_password um-field-password um-field-type_password\" data-key=\"user_password\"><div class=\"um-field-label\"><label for=\"user_password-2444\">Password<\/label><div class=\"um-clear\"><\/div><\/div><div class=\"um-field-area\"><div class=\"um-field-area-password\">\n\t\t\t\t\t\t\t\t\t<input class=\"um-form-field valid \" type=\"password\" name=\"user_password-2444\" id=\"user_password-2444\" value=\"\" placeholder=\"\" data-validate=\"\" data-key=\"user_password\"  aria-invalid=\"false\" \/>\n\t\t\t\t\t\t\t\t\t<span class=\"um-toggle-password\"><i class=\"um-icon-eye\"><\/i><\/span>\n\t\t\t\t\t\t\t\t<\/div>\n\t\t\t\t\t\t\t<\/div><\/div><\/div><\/div>\t<input type=\"hidden\" name=\"form_id\" id=\"form_id_2444\" value=\"2444\" \/>\n\t\t<p class=\"um_request_name\">\n\t\t<label for=\"um_request_2444\">Only fill in if you are not human<\/label>\n\t\t<input type=\"hidden\" name=\"um_request\" id=\"um_request_2444\" class=\"input\" value=\"\" size=\"25\" autocomplete=\"off\" \/>\n\t<\/p>\n\t<input type=\"hidden\" id=\"_wpnonce\" name=\"_wpnonce\" value=\"885c463331\" \/><input type=\"hidden\" name=\"_wp_http_referer\" value=\"\/hr\/wp-json\/wp\/v2\/pages\/2944\" \/>\n\t<div class=\"um-col-alt\">\n\n\t\t\n\n\t\t\t<div class=\"um-field um-field-c\">\n\t\t\t\t<div class=\"um-field-area\">\n\t\t\t\t\t<label class=\"um-field-checkbox\">\n\t\t\t\t\t\t<input type=\"checkbox\" name=\"rememberme\" value=\"1\"  \/>\n\t\t\t\t\t\t<span class=\"um-field-checkbox-state\"><i class=\"um-icon-android-checkbox-outline-blank\"><\/i><\/span>\n\t\t\t\t\t\t<span class=\"um-field-checkbox-option\"> Keep me signed in<\/span>\n\t\t\t\t\t<\/label>\n\t\t\t\t<\/div>\n\t\t\t<\/div>\n\n\t\t\t\t\t\t<div class=\"um-clear\"><\/div>\n\t\t\n\t\t\t<div class=\"um-left um-half\">\n\t\t\t\t<input type=\"submit\" value=\"Login\" class=\"um-button\" id=\"um-submit-btn\" \/>\n\t\t\t<\/div>\n\t\t\t<div class=\"um-right um-half\">\n\t\t\t\t<a href=\"\/#contact\" class=\"um-button um-alt\">\n\t\t\t\t\tRegistration\t\t\t\t<\/a>\n\t\t\t<\/div>\n\n\t\t\n\t\t<div class=\"um-clear\"><\/div>\n\n\t<\/div>\n\n\t\n\t<div class=\"um-col-alt-b\">\n\t\t<a href=\"https:\/\/moja-pisarna.si\/hr\/password-reset\/\" class=\"um-link-alt\">\n\t\t\tForgot your password?\t\t<\/a>\n\t<\/div>\n\n\t\t\t<\/form>\n\t<\/div>\n<\/div>\n<style>\n\t\t\t.um-2444.um {\n\t\t\tmax-width: 450px;\n\t\t}\n\t\t<\/style>\n\n<\/div><\/div><\/div><\/div><\/div>\n","protected":false},"excerpt":{"rendered":"","protected":false},"author":1,"featured_media":0,"parent":0,"menu_order":0,"comment_status":"closed","ping_status":"closed","template":"","meta":{"footnotes":""},"class_list":["post-2944","page","type-page","status-publish","hentry"],"yoast_head":"<!-- This site is optimized with the Yoast SEO plugin v26.1.1 - https:\/\/yoast.com\/wordpress\/plugins\/seo\/ -->\n<title>Login - Moja Pisarna<\/title>\n<meta name=\"robots\" content=\"index, follow, max-snippet:-1, max-image-preview:large, max-video-preview:-1\" \/>\n<link rel=\"canonical\" href=\"https:\/\/moja-pisarna.si\/hr\/login\/\" \/>\n<meta property=\"og:locale\" content=\"hr_HR\" \/>\n<meta property=\"og:type\" content=\"article\" \/>\n<meta property=\"og:title\" content=\"Login - Moja Pisarna\" \/>\n<meta property=\"og:url\" content=\"https:\/\/moja-pisarna.si\/hr\/login\/\" \/>\n<meta property=\"og:site_name\" content=\"Moja Pisarna\" \/>\n<meta property=\"article:modified_time\" content=\"2024-07-25T17:42:22+00:00\" \/>\n<meta name=\"twitter:card\" content=\"summary_large_image\" \/>\n<meta name=\"twitter:label1\" content=\"Procijenjeno vrijeme \u010ditanja\" \/>\n\t<meta name=\"twitter:data1\" content=\"1 minuta\" \/>\n<script type=\"application\/ld+json\" class=\"yoast-schema-graph\">{\"@context\":\"https:\/\/schema.org\",\"@graph\":[{\"@type\":\"WebPage\",\"@id\":\"https:\/\/moja-pisarna.si\/hr\/login\/\",\"url\":\"https:\/\/moja-pisarna.si\/hr\/login\/\",\"name\":\"Login - Moja Pisarna\",\"isPartOf\":{\"@id\":\"https:\/\/moja-pisarna.si\/hr\/#website\"},\"datePublished\":\"2024-06-03T19:14:01+00:00\",\"dateModified\":\"2024-07-25T17:42:22+00:00\",\"breadcrumb\":{\"@id\":\"https:\/\/moja-pisarna.si\/hr\/login\/#breadcrumb\"},\"inLanguage\":\"hr\",\"potentialAction\":[{\"@type\":\"ReadAction\",\"target\":[\"https:\/\/moja-pisarna.si\/hr\/login\/\"]}]},{\"@type\":\"BreadcrumbList\",\"@id\":\"https:\/\/moja-pisarna.si\/hr\/login\/#breadcrumb\",\"itemListElement\":[{\"@type\":\"ListItem\",\"position\":1,\"name\":\"Home\",\"item\":\"https:\/\/moja-pisarna.si\/hr\/\"},{\"@type\":\"ListItem\",\"position\":2,\"name\":\"Login\"}]},{\"@type\":\"WebSite\",\"@id\":\"https:\/\/moja-pisarna.si\/hr\/#website\",\"url\":\"https:\/\/moja-pisarna.si\/hr\/\",\"name\":\"Virtualna Pisarna\",\"description\":\"\",\"publisher\":{\"@id\":\"https:\/\/moja-pisarna.si\/hr\/#organization\"},\"potentialAction\":[{\"@type\":\"SearchAction\",\"target\":{\"@type\":\"EntryPoint\",\"urlTemplate\":\"https:\/\/moja-pisarna.si\/hr\/?s={search_term_string}\"},\"query-input\":{\"@type\":\"PropertyValueSpecification\",\"valueRequired\":true,\"valueName\":\"search_term_string\"}}],\"inLanguage\":\"hr\"},{\"@type\":\"Organization\",\"@id\":\"https:\/\/moja-pisarna.si\/hr\/#organization\",\"name\":\"Virtualna Pisarna\",\"url\":\"https:\/\/moja-pisarna.si\/hr\/\",\"logo\":{\"@type\":\"ImageObject\",\"inLanguage\":\"hr\",\"@id\":\"https:\/\/moja-pisarna.si\/hr\/#\/schema\/logo\/image\/\",\"url\":\"https:\/\/moja-pisarna.si\/wp-content\/uploads\/2024\/01\/Logo1Png.png\",\"contentUrl\":\"https:\/\/moja-pisarna.si\/wp-content\/uploads\/2024\/01\/Logo1Png.png\",\"width\":208,\"height\":208,\"caption\":\"Virtualna Pisarna\"},\"image\":{\"@id\":\"https:\/\/moja-pisarna.si\/hr\/#\/schema\/logo\/image\/\"}}]}<\/script>\n<!-- \/ Yoast SEO plugin. -->","yoast_head_json":{"title":"Login - Moja Pisarna","robots":{"index":"index","follow":"follow","max-snippet":"max-snippet:-1","max-image-preview":"max-image-preview:large","max-video-preview":"max-video-preview:-1"},"canonical":"https:\/\/moja-pisarna.si\/hr\/login\/","og_locale":"hr_HR","og_type":"article","og_title":"Login - Moja Pisarna","og_url":"https:\/\/moja-pisarna.si\/hr\/login\/","og_site_name":"Moja Pisarna","article_modified_time":"2024-07-25T17:42:22+00:00","twitter_card":"summary_large_image","twitter_misc":{"Procijenjeno vrijeme \u010ditanja":"1 minuta"},"schema":{"@context":"https:\/\/schema.org","@graph":[{"@type":"WebPage","@id":"https:\/\/moja-pisarna.si\/hr\/login\/","url":"https:\/\/moja-pisarna.si\/hr\/login\/","name":"Login - Moja Pisarna","isPartOf":{"@id":"https:\/\/moja-pisarna.si\/hr\/#website"},"datePublished":"2024-06-03T19:14:01+00:00","dateModified":"2024-07-25T17:42:22+00:00","breadcrumb":{"@id":"https:\/\/moja-pisarna.si\/hr\/login\/#breadcrumb"},"inLanguage":"hr","potentialAction":[{"@type":"ReadAction","target":["https:\/\/moja-pisarna.si\/hr\/login\/"]}]},{"@type":"BreadcrumbList","@id":"https:\/\/moja-pisarna.si\/hr\/login\/#breadcrumb","itemListElement":[{"@type":"ListItem","position":1,"name":"Home","item":"https:\/\/moja-pisarna.si\/hr\/"},{"@type":"ListItem","position":2,"name":"Login"}]},{"@type":"WebSite","@id":"https:\/\/moja-pisarna.si\/hr\/#website","url":"https:\/\/moja-pisarna.si\/hr\/","name":"Virtualna Pisarna","description":"","publisher":{"@id":"https:\/\/moja-pisarna.si\/hr\/#organization"},"potentialAction":[{"@type":"SearchAction","target":{"@type":"EntryPoint","urlTemplate":"https:\/\/moja-pisarna.si\/hr\/?s={search_term_string}"},"query-input":{"@type":"PropertyValueSpecification","valueRequired":true,"valueName":"search_term_string"}}],"inLanguage":"hr"},{"@type":"Organization","@id":"https:\/\/moja-pisarna.si\/hr\/#organization","name":"Virtualna Pisarna","url":"https:\/\/moja-pisarna.si\/hr\/","logo":{"@type":"ImageObject","inLanguage":"hr","@id":"https:\/\/moja-pisarna.si\/hr\/#\/schema\/logo\/image\/","url":"https:\/\/moja-pisarna.si\/wp-content\/uploads\/2024\/01\/Logo1Png.png","contentUrl":"https:\/\/moja-pisarna.si\/wp-content\/uploads\/2024\/01\/Logo1Png.png","width":208,"height":208,"caption":"Virtualna Pisarna"},"image":{"@id":"https:\/\/moja-pisarna.si\/hr\/#\/schema\/logo\/image\/"}}]}},"_links":{"self":[{"href":"https:\/\/moja-pisarna.si\/hr\/wp-json\/wp\/v2\/pages\/2944","targetHints":{"allow":["GET"]}}],"collection":[{"href":"https:\/\/moja-pisarna.si\/hr\/wp-json\/wp\/v2\/pages"}],"about":[{"href":"https:\/\/moja-pisarna.si\/hr\/wp-json\/wp\/v2\/types\/page"}],"author":[{"embeddable":true,"href":"https:\/\/moja-pisarna.si\/hr\/wp-json\/wp\/v2\/users\/1"}],"replies":[{"embeddable":true,"href":"https:\/\/moja-pisarna.si\/hr\/wp-json\/wp\/v2\/comments?post=2944"}],"version-history":[{"count":4,"href":"https:\/\/moja-pisarna.si\/hr\/wp-json\/wp\/v2\/pages\/2944\/revisions"}],"predecessor-version":[{"id":3075,"href":"https:\/\/moja-pisarna.si\/hr\/wp-json\/wp\/v2\/pages\/2944\/revisions\/3075"}],"wp:attachment":[{"href":"https:\/\/moja-pisarna.si\/hr\/wp-json\/wp\/v2\/media?parent=2944"}],"curies":[{"name":"wp","href":"https:\/\/api.w.org\/{rel}","templated":true}]}}