{"id":2930,"date":"2024-06-03T21:00:48","date_gmt":"2024-06-03T20:00:48","guid":{"rendered":"https:\/\/moja-pisarna.si\/user\/"},"modified":"2024-06-03T21:00:48","modified_gmt":"2024-06-03T20:00:48","slug":"user","status":"publish","type":"page","link":"https:\/\/moja-pisarna.si\/cs\/user\/","title":{"rendered":"User"},"content":{"rendered":"<div class=\"um um-profile um-2445 um-role-\">\n\t<div class=\"um-form\" data-mode=\"profile\" data-form_id=\"2445\">\n\t\t\t<div class=\"um-cover\"\n\t\tdata-user_id=\"0\" data-ratio=\"3.2:1\">\n\t\t\n\t\t\t<div class=\"um-dropdown\" data-element=\"div.um-cover\" data-position=\"bc\" data-trigger=\"click\">\n\t\t\t\t<div class=\"um-dropdown-b\">\n\t\t\t\t\t<div class=\"um-dropdown-arr\"><i class=\"\"><\/i><\/div>\n\t\t\t\t\t<ul>\n\t\t\t\t\t\t\t\t\t\t\t\t\t<li><a href=\"javascript:void(0);\" class=\"um-manual-trigger\" data-parent=\".um-cover\" data-child=\".um-btn-auto-width\">Vlo\u017eit fotku do z\u00e1hlav\u00ed<\/a><\/li>\n\t\t\t\t\t\t\t\t\t\t\t\t\t<li><a href=\"javascript:void(0);\" class=\"um-dropdown-hide\">Zru\u0161it<\/a><\/li>\n\t\t\t\t\t\t\t\t\t\t\t<\/ul>\n\t\t\t\t<\/div>\n\t\t\t<\/div>\n\n\t\t\t<div style=\"display: none !important;\"><div  id=\"um_field_2445_cover_photo\" class=\"um-field um-field-image  um-field-cover_photo um-field-image um-field-type_image\" data-key=\"cover_photo\" data-mode=\"\" data-upload-label=\"Nahr\u00e1t\"><input type=\"hidden\" name=\"cover_photo\" id=\"cover_photo\" value=\"\"  aria-invalid=\"false\" \/><div class=\"um-field-label\"><label for=\"cover_photo\">Zm\u011bnit fotku v z\u00e1hlav\u00ed<\/label><div class=\"um-clear\"><\/div><\/div><div class=\"um-field-area\" style=\"text-align: center;\"><div class=\"um-single-image-preview crop\" data-crop=\"cover\" data-key=\"cover_photo\"><a href=\"javascript:void(0);\" class=\"cancel\"><i class=\"um-icon-close\"><\/i><\/a><img decoding=\"async\" class=\"fusion-lazyload-ignore\" src=\"\" alt=\"\" \/><div class=\"um-clear\"><\/div><\/div><a href=\"javascript:void(0);\" data-modal=\"um_upload_single\" data-modal-size=\"large\" data-modal-copy=\"1\" class=\"um-button um-btn-auto-width\">Nahr\u00e1t<\/a><\/div><div class=\"um-modal-hidden-content\"><div class=\"um-modal-header\"> Zm\u011bnit fotku v z\u00e1hlav\u00ed<\/div><div class=\"um-modal-body\"><div class=\"um-single-image-preview crop\"  data-crop=\"cover\" data-ratio=\"3.2\" data-min_width=\"1000\" data-min_height=\"\" data-coord=\"\"><a href=\"javascript:void(0);\" class=\"cancel\"><i class=\"um-icon-close\"><\/i><\/a><img decoding=\"async\" class=\"fusion-lazyload-ignore\" src=\"\" alt=\"\" \/><div class=\"um-clear\"><\/div><\/div><div class=\"um-clear\"><\/div><div class=\"um-single-image-upload\" data-user_id=\"\" data-nonce=\"22d698c92a\" data-timestamp=\"1776853988\"  data-set_id=\"2445\" data-set_mode=\"\" data-type=\"image\" data-key=\"cover_photo\" data-max_size=\"999999999\" data-max_size_error=\"Obr\u00e1zek je moc velk\u00fd!\" data-min_size_error=\"Obr\u00e1zek je moc mal\u00fd!\" data-extension_error=\"Toto nen\u00ed platn\u00fd soubor obr\u00e1zku.\"  data-allowed_types=\"gif,jpg,jpeg,png,webp\" data-upload_text=\"Zde vlo\u017ete fotku pro z\u00e1hlav\u00ed profilu&lt;small class=&quot;um-max-filesize&quot;&gt;( Max: &lt;span&gt;953.7MB&lt;\/span&gt; )&lt;\/small&gt;\" data-max_files_error=\"M\u016f\u017eete nahr\u00e1t pouze jeden obr\u00e1zek\" data-upload_help_text=\"\">Nahr\u00e1t<\/div><div class=\"um-modal-footer\">\n\t\t\t\t\t\t\t\t\t<div class=\"um-modal-right\">\n\t\t\t\t\t\t\t\t\t\t<a href=\"javascript:void(0);\" class=\"um-modal-btn um-finish-upload image disabled\" data-key=\"cover_photo\" data-change=\"Zm\u011bnit fotku\" data-processing=\"Zpracov\u00e1n\u00ed...\">Pou\u017e\u00edt<\/a>\n\t\t\t\t\t\t\t\t\t\t<a href=\"javascript:void(0);\" class=\"um-modal-btn alt\" data-action=\"um_remove_modal\"> Zru\u0161it<\/a>\n\t\t\t\t\t\t\t\t\t<\/div>\n\t\t\t\t\t\t\t\t\t<div class=\"um-clear\"><\/div>\n\t\t\t\t\t\t\t\t<\/div><\/div><\/div><\/div><\/div>\t\t<div class=\"um-cover-e\" data-ratio=\"3.2:1\">\n\t\t\t\t\t\t\t<a href=\"javascript:void(0);\" class=\"um-cover-add\"><span class=\"um-cover-add-i\"><i\n\t\t\t\t\tclass=\"um-icon-plus um-tip-n\"\n\t\t\t\t\ttitle=\"Vlo\u017eit fotku do z\u00e1hlav\u00ed\"><\/i><\/span><\/a>\n\t\t\t\t\t\t<\/div>\n\t\t\t<\/div>\n\t\n\t<div class=\"um-header\">\n\n\t\t\n\t\t<div class=\"um-profile-photo\" data-user_id=\"0\"  aria-invalid=\"false\" >\n\n\t\t\t<a href=\"\" class=\"um-profile-photo-img\" title=\"\">\n\t\t\t\t<span class=\"um-profile-photo-overlay\">\n\t\t\t<span class=\"um-profile-photo-overlay-s\">\n\t\t\t\t<ins>\n\t\t\t\t\t<i class=\"um-faicon-camera\"><\/i>\n\t\t\t\t<\/ins>\n\t\t\t<\/span>\n\t\t<\/span><img alt='' src='https:\/\/secure.gravatar.com\/avatar\/?s=190&#038;d=mm&#038;r=g' srcset='https:\/\/secure.gravatar.com\/avatar\/?s=380&#038;d=mm&#038;r=g 2x' class='avatar avatar-190 photo avatar-default' height='190' width='190' \/>\t\t\t<\/a>\n\n\t\t\t<div style=\"display: none !important;\"><div  id=\"um_field_2445_profile_photo\" class=\"um-field um-field-image  um-field-profile_photo um-field-image um-field-type_image\" data-key=\"profile_photo\" data-mode=\"\" data-upload-label=\"Nahr\u00e1t\"><input type=\"hidden\" name=\"profile_photo\" id=\"profile_photo\" value=\"\"  aria-invalid=\"false\" \/><div class=\"um-field-label\"><label for=\"profile_photo\">Zm\u011bnit profilovou fotku<\/label><div class=\"um-clear\"><\/div><\/div><div class=\"um-field-area\" style=\"text-align: center;\"><div class=\"um-single-image-preview crop\" data-crop=\"square\" data-key=\"profile_photo\"><a href=\"javascript:void(0);\" class=\"cancel\"><i class=\"um-icon-close\"><\/i><\/a><img decoding=\"async\" class=\"fusion-lazyload-ignore\" src=\"\" alt=\"\" \/><div class=\"um-clear\"><\/div><\/div><a href=\"javascript:void(0);\" data-modal=\"um_upload_single\" data-modal-size=\"normal\" data-modal-copy=\"1\" class=\"um-button um-btn-auto-width\">Nahr\u00e1t<\/a><\/div><div class=\"um-modal-hidden-content\"><div class=\"um-modal-header\"> Zm\u011bnit profilovou fotku<\/div><div class=\"um-modal-body\"><div class=\"um-single-image-preview crop\"  data-crop=\"square\" data-ratio=\"1\" data-min_width=\"190\" data-min_height=\"190\" data-coord=\"\"><a href=\"javascript:void(0);\" class=\"cancel\"><i class=\"um-icon-close\"><\/i><\/a><img decoding=\"async\" class=\"fusion-lazyload-ignore\" src=\"\" alt=\"\" \/><div class=\"um-clear\"><\/div><\/div><div class=\"um-clear\"><\/div><div class=\"um-single-image-upload\" data-user_id=\"\" data-nonce=\"22d698c92a\" data-timestamp=\"1776853988\"  data-set_id=\"2445\" data-set_mode=\"\" data-type=\"image\" data-key=\"profile_photo\" data-max_size=\"999999999\" data-max_size_error=\"Obr\u00e1zek je moc velk\u00fd!\" data-min_size_error=\"Obr\u00e1zek je moc mal\u00fd!\" data-extension_error=\"Toto nen\u00ed platn\u00fd soubor obr\u00e1zku.\"  data-allowed_types=\"gif,jpg,jpeg,png,webp\" data-upload_text=\"Zde vlo\u017ete svoji fotku&lt;small class=&quot;um-max-filesize&quot;&gt;( Max: &lt;span&gt;953.7MB&lt;\/span&gt; )&lt;\/small&gt;\" data-max_files_error=\"M\u016f\u017eete nahr\u00e1t pouze jeden obr\u00e1zek\" data-upload_help_text=\"\">Nahr\u00e1t<\/div><div class=\"um-modal-footer\">\n\t\t\t\t\t\t\t\t\t<div class=\"um-modal-right\">\n\t\t\t\t\t\t\t\t\t\t<a href=\"javascript:void(0);\" class=\"um-modal-btn um-finish-upload image disabled\" data-key=\"profile_photo\" data-change=\"Zm\u011bnit fotku\" data-processing=\"Zpracov\u00e1n\u00ed...\">Pou\u017e\u00edt<\/a>\n\t\t\t\t\t\t\t\t\t\t<a href=\"javascript:void(0);\" class=\"um-modal-btn alt\" data-action=\"um_remove_modal\"> Zru\u0161it<\/a>\n\t\t\t\t\t\t\t\t\t<\/div>\n\t\t\t\t\t\t\t\t\t<div class=\"um-clear\"><\/div>\n\t\t\t\t\t\t\t\t<\/div><\/div><\/div><\/div><\/div>\n\t\t\t<div class=\"um-dropdown\" data-element=\"div.um-profile-photo\" data-position=\"bc\" data-trigger=\"click\">\n\t\t\t\t<div class=\"um-dropdown-b\">\n\t\t\t\t\t<div class=\"um-dropdown-arr\"><i class=\"\"><\/i><\/div>\n\t\t\t\t\t<ul>\n\t\t\t\t\t\t\t\t\t\t\t\t\t<li><a href=\"javascript:void(0);\" class=\"um-manual-trigger\" data-parent=\".um-profile-photo\" data-child=\".um-btn-auto-width\" data-alt_text=\"Zm\u011bnit fotku\">Vlo\u017eit fotku<\/a><\/li>\n\t\t\t\t\t\t\t\t\t\t\t\t\t<li><a href=\"javascript:void(0);\" class=\"um-reset-profile-photo\" data-user_id=\"0\" data-default_src=\"https:\/\/moja-pisarna.si\/wp-content\/plugins\/ultimate-member\/assets\/img\/default_avatar.jpg\" style=\"display:none;\">Odstranit fotku<\/a><\/li>\n\t\t\t\t\t\t\t\t\t\t\t\t\t<li><a href=\"javascript:void(0);\" class=\"um-dropdown-hide\">Zru\u0161it<\/a><\/li>\n\t\t\t\t\t\t\t\t\t\t\t<\/ul>\n\t\t\t\t<\/div>\n\t\t\t<\/div>\n\n\t\t\t\n\t\t<\/div>\n\n\t\t<div class=\"um-profile-meta\">\n\n\t\t\t\n\t\t\t<div class=\"um-main-meta\">\n\n\t\t\t\t\t\t\t\t\t<div class=\"um-name\">\n\n\t\t\t\t\t\t<a href=\"\"\n\t\t\t\t\t\t   title=\"\"><\/a>\n\n\t\t\t\t\t\t\t\t\t\t\t<\/div>\n\t\t\t\t\n\t\t\t\t<div class=\"um-clear\"><\/div>\n\n\t\t\t\t\n\t\t\t<\/div>\n\n\t\t\t\n\t\t\t<div class=\"um-profile-status \">\n\t\t\t\t<span>\n\t\t\t\t\tStav tohoto u\u017eivatelsk\u00e9ho \u00fa\u010dtu je Undefined\t\t\t\t<\/span>\n\t\t\t<\/div>\n\n\t\t\t\t\t<\/div>\n\t\t<div class=\"um-clear\"><\/div>\n\n\t\t\n\t<\/div>\n\n\t\n\t\t<div class=\"um-profile-navbar \">\n\t\t\t\t\t\t<div class=\"um-clear\"><\/div>\n\t\t<\/div>\n\n\t\t\t\t\t\t<div class=\"um-profile-body main main-default\">\n\n\t\t\t\t\t\t\t\t\t\t<div class=\"clear\"><\/div>\n\t\t\t\t<\/div>\n\t\t\t\t\t<\/div>\n<\/div>\n<style>\n\t\t\t.um-2445.um {\n\t\t\tmax-width: 1920px;\n\t\t}\n\t\t<\/style>\n<style>\n\t\t\t.um-2445.um .um-profile-body {\n\t\t\tmax-width: 600px;\n\t\t}\n\t\t.um-2445.um .um-profile-photo a.um-profile-photo-img {\n\t\twidth: 190px;\n\t\theight: 190px;\n\t}\n\t.um-2445.um .um-profile-photo a.um-profile-photo-img {\n\t\ttop: -105px;\n\t}\n\t\t\t.um-2445.um .um-profile-meta {\n\t\t\tpadding-left: 250px;\n\t\t}\n\t<\/style>\n\n","protected":false},"excerpt":{"rendered":"","protected":false},"author":1,"featured_media":0,"parent":0,"menu_order":0,"comment_status":"closed","ping_status":"closed","template":"","meta":{"footnotes":""},"class_list":["post-2930","page","type-page","status-publish","hentry"],"yoast_head":"<!-- This site is optimized with the Yoast SEO plugin v26.1.1 - https:\/\/yoast.com\/wordpress\/plugins\/seo\/ -->\n<title>User - Moja Pisarna<\/title>\n<meta name=\"robots\" content=\"index, follow, max-snippet:-1, max-image-preview:large, max-video-preview:-1\" \/>\n<link rel=\"canonical\" href=\"https:\/\/moja-pisarna.si\/cs\/user\/\" \/>\n<meta property=\"og:locale\" content=\"cs_CZ\" \/>\n<meta property=\"og:type\" content=\"article\" \/>\n<meta property=\"og:title\" content=\"User - Moja Pisarna\" \/>\n<meta property=\"og:url\" content=\"https:\/\/moja-pisarna.si\/cs\/user\/\" \/>\n<meta property=\"og:site_name\" content=\"Moja Pisarna\" \/>\n<meta name=\"twitter:card\" content=\"summary_large_image\" \/>\n<script type=\"application\/ld+json\" class=\"yoast-schema-graph\">{\"@context\":\"https:\/\/schema.org\",\"@graph\":[{\"@type\":\"WebPage\",\"@id\":\"https:\/\/moja-pisarna.si\/cs\/user\/\",\"url\":\"https:\/\/moja-pisarna.si\/cs\/user\/\",\"name\":\"User - Moja Pisarna\",\"isPartOf\":{\"@id\":\"https:\/\/moja-pisarna.si\/cs\/#website\"},\"datePublished\":\"2024-06-03T20:00:48+00:00\",\"breadcrumb\":{\"@id\":\"https:\/\/moja-pisarna.si\/cs\/user\/#breadcrumb\"},\"inLanguage\":\"cs\",\"potentialAction\":[{\"@type\":\"ReadAction\",\"target\":[\"https:\/\/moja-pisarna.si\/cs\/user\/\"]}]},{\"@type\":\"BreadcrumbList\",\"@id\":\"https:\/\/moja-pisarna.si\/cs\/user\/#breadcrumb\",\"itemListElement\":[{\"@type\":\"ListItem\",\"position\":1,\"name\":\"Home\",\"item\":\"https:\/\/moja-pisarna.si\/cs\/\"},{\"@type\":\"ListItem\",\"position\":2,\"name\":\"User\"}]},{\"@type\":\"WebSite\",\"@id\":\"https:\/\/moja-pisarna.si\/cs\/#website\",\"url\":\"https:\/\/moja-pisarna.si\/cs\/\",\"name\":\"Virtualna Pisarna\",\"description\":\"\",\"publisher\":{\"@id\":\"https:\/\/moja-pisarna.si\/cs\/#organization\"},\"potentialAction\":[{\"@type\":\"SearchAction\",\"target\":{\"@type\":\"EntryPoint\",\"urlTemplate\":\"https:\/\/moja-pisarna.si\/cs\/?s={search_term_string}\"},\"query-input\":{\"@type\":\"PropertyValueSpecification\",\"valueRequired\":true,\"valueName\":\"search_term_string\"}}],\"inLanguage\":\"cs\"},{\"@type\":\"Organization\",\"@id\":\"https:\/\/moja-pisarna.si\/cs\/#organization\",\"name\":\"Virtualna Pisarna\",\"url\":\"https:\/\/moja-pisarna.si\/cs\/\",\"logo\":{\"@type\":\"ImageObject\",\"inLanguage\":\"cs\",\"@id\":\"https:\/\/moja-pisarna.si\/cs\/#\/schema\/logo\/image\/\",\"url\":\"https:\/\/moja-pisarna.si\/wp-content\/uploads\/2024\/01\/Logo1Png.png\",\"contentUrl\":\"https:\/\/moja-pisarna.si\/wp-content\/uploads\/2024\/01\/Logo1Png.png\",\"width\":208,\"height\":208,\"caption\":\"Virtualna Pisarna\"},\"image\":{\"@id\":\"https:\/\/moja-pisarna.si\/cs\/#\/schema\/logo\/image\/\"}}]}<\/script>\n<!-- \/ Yoast SEO plugin. -->","yoast_head_json":{"title":"User - Moja Pisarna","robots":{"index":"index","follow":"follow","max-snippet":"max-snippet:-1","max-image-preview":"max-image-preview:large","max-video-preview":"max-video-preview:-1"},"canonical":"https:\/\/moja-pisarna.si\/cs\/user\/","og_locale":"cs_CZ","og_type":"article","og_title":"User - Moja Pisarna","og_url":"https:\/\/moja-pisarna.si\/cs\/user\/","og_site_name":"Moja Pisarna","twitter_card":"summary_large_image","schema":{"@context":"https:\/\/schema.org","@graph":[{"@type":"WebPage","@id":"https:\/\/moja-pisarna.si\/cs\/user\/","url":"https:\/\/moja-pisarna.si\/cs\/user\/","name":"User - Moja Pisarna","isPartOf":{"@id":"https:\/\/moja-pisarna.si\/cs\/#website"},"datePublished":"2024-06-03T20:00:48+00:00","breadcrumb":{"@id":"https:\/\/moja-pisarna.si\/cs\/user\/#breadcrumb"},"inLanguage":"cs","potentialAction":[{"@type":"ReadAction","target":["https:\/\/moja-pisarna.si\/cs\/user\/"]}]},{"@type":"BreadcrumbList","@id":"https:\/\/moja-pisarna.si\/cs\/user\/#breadcrumb","itemListElement":[{"@type":"ListItem","position":1,"name":"Home","item":"https:\/\/moja-pisarna.si\/cs\/"},{"@type":"ListItem","position":2,"name":"User"}]},{"@type":"WebSite","@id":"https:\/\/moja-pisarna.si\/cs\/#website","url":"https:\/\/moja-pisarna.si\/cs\/","name":"Virtualna Pisarna","description":"","publisher":{"@id":"https:\/\/moja-pisarna.si\/cs\/#organization"},"potentialAction":[{"@type":"SearchAction","target":{"@type":"EntryPoint","urlTemplate":"https:\/\/moja-pisarna.si\/cs\/?s={search_term_string}"},"query-input":{"@type":"PropertyValueSpecification","valueRequired":true,"valueName":"search_term_string"}}],"inLanguage":"cs"},{"@type":"Organization","@id":"https:\/\/moja-pisarna.si\/cs\/#organization","name":"Virtualna Pisarna","url":"https:\/\/moja-pisarna.si\/cs\/","logo":{"@type":"ImageObject","inLanguage":"cs","@id":"https:\/\/moja-pisarna.si\/cs\/#\/schema\/logo\/image\/","url":"https:\/\/moja-pisarna.si\/wp-content\/uploads\/2024\/01\/Logo1Png.png","contentUrl":"https:\/\/moja-pisarna.si\/wp-content\/uploads\/2024\/01\/Logo1Png.png","width":208,"height":208,"caption":"Virtualna Pisarna"},"image":{"@id":"https:\/\/moja-pisarna.si\/cs\/#\/schema\/logo\/image\/"}}]}},"_links":{"self":[{"href":"https:\/\/moja-pisarna.si\/cs\/wp-json\/wp\/v2\/pages\/2930","targetHints":{"allow":["GET"]}}],"collection":[{"href":"https:\/\/moja-pisarna.si\/cs\/wp-json\/wp\/v2\/pages"}],"about":[{"href":"https:\/\/moja-pisarna.si\/cs\/wp-json\/wp\/v2\/types\/page"}],"author":[{"embeddable":true,"href":"https:\/\/moja-pisarna.si\/cs\/wp-json\/wp\/v2\/users\/1"}],"replies":[{"embeddable":true,"href":"https:\/\/moja-pisarna.si\/cs\/wp-json\/wp\/v2\/comments?post=2930"}],"version-history":[{"count":0,"href":"https:\/\/moja-pisarna.si\/cs\/wp-json\/wp\/v2\/pages\/2930\/revisions"}],"wp:attachment":[{"href":"https:\/\/moja-pisarna.si\/cs\/wp-json\/wp\/v2\/media?parent=2930"}],"curies":[{"name":"wp","href":"https:\/\/api.w.org\/{rel}","templated":true}]}}